{"id":19,"date":"2025-03-20T16:28:38","date_gmt":"2025-03-20T16:28:38","guid":{"rendered":"https:\/\/wartonmills.site\/?page_id=19"},"modified":"2025-04-25T19:50:32","modified_gmt":"2025-04-25T19:50:32","slug":"nosotros","status":"publish","type":"page","link":"https:\/\/wartonmills.com\/index.php\/nosotros\/","title":{"rendered":"Nosotros"},"content":{"rendered":"<p>[et_pb_section fb_built=\u00bb1&#8243; custom_padding_last_edited=\u00bbon|desktop\u00bb _builder_version=\u00bb4.27.4&#8243; _module_preset=\u00bbdefault\u00bb background_enable_color=\u00bboff\u00bb use_background_color_gradient=\u00bbon\u00bb background_color_gradient_stops=\u00bbrgba(7,37,74,0.85) 0%|rgba(7,37,74,0.6) 100%\u00bb background_color_gradient_overlays_image=\u00bbon\u00bb background_image=\u00bbhttps:\/\/wartonmills.com\/wp-content\/uploads\/2025\/03\/image-9-scaled.webp\u00bb parallax=\u00bbon\u00bb parallax_method=\u00bboff\u00bb custom_margin=\u00bb-12%||||false|false\u00bb custom_margin_tablet=\u00bb0%||||false|false\u00bb custom_margin_phone=\u00bb0%||||false|false\u00bb custom_margin_last_edited=\u00bbon|phone\u00bb custom_padding=\u00bb15%||2%||false|false\u00bb custom_padding_tablet=\u00bb14%||6%||false|false\u00bb custom_padding_phone=\u00bb14%||4%||false|false\u00bb locked=\u00bboff\u00bb global_colors_info=\u00bb{}\u00bb theme_builder_area=\u00bbpost_content\u00bb][et_pb_row _builder_version=\u00bb4.27.4&#8243; _module_preset=\u00bbdefault\u00bb locked=\u00bboff\u00bb global_colors_info=\u00bb{}\u00bb theme_builder_area=\u00bbpost_content\u00bb][et_pb_column type=\u00bb4_4&#8243; _builder_version=\u00bb4.27.4&#8243; _module_preset=\u00bbdefault\u00bb global_colors_info=\u00bb{}\u00bb theme_builder_area=\u00bbpost_content\u00bb][et_pb_button button_url=\u00bb#\u00bb button_text=\u00bbWARTONMILLS\u00bb button_alignment=\u00bbcenter\u00bb _builder_version=\u00bb4.27.4&#8243; _module_preset=\u00bbdefault\u00bb custom_button=\u00bbon\u00bb button_text_size=\u00bb15px\u00bb button_text_color=\u00bb#FFFFFF\u00bb button_bg_use_color_gradient=\u00bbon\u00bb button_bg_color_gradient_direction=\u00bb135deg\u00bb button_bg_color_gradient_stops=\u00bbrgba(255,255,255,0) 5%|#f15a22 5%|#f15a22 95%|rgba(255,255,255,0) 95%\u00bb button_bg_color_gradient_overlays_image=\u00bbon\u00bb button_border_width=\u00bb0px\u00bb button_border_color=\u00bbRGBA(255,255,255,0)\u00bb button_border_radius=\u00bb0px\u00bb button_letter_spacing=\u00bb2px\u00bb button_font=\u00bbMontserrat|600||on|||||\u00bb button_use_icon=\u00bboff\u00bb custom_margin=\u00bb|80%|1%|0%|false|false\u00bb custom_margin_tablet=\u00bb|65%|2%||false|false\u00bb custom_margin_phone=\u00bb|48%|3%|0%|false|false\u00bb custom_margin_last_edited=\u00bbon|phone\u00bb custom_padding=\u00bb0%||0%||true|false\u00bb animation_style=\u00bbslide\u00bb animation_direction=\u00bbtop\u00bb animation_duration=\u00bb1200ms\u00bb animation_delay=\u00bb200ms\u00bb animation_intensity_slide=\u00bb25%\u00bb animation_speed_curve=\u00bbease\u00bb button_text_size_tablet=\u00bb15px\u00bb button_text_size_phone=\u00bb12px\u00bb button_text_size_last_edited=\u00bbon|phone\u00bb custom_css_main_element=\u00bbwidth: 100% !important;\u00bb locked=\u00bboff\u00bb global_colors_info=\u00bb{}\u00bb theme_builder_area=\u00bbpost_content\u00bb][\/et_pb_button][et_pb_text _builder_version=\u00bb4.27.4&#8243; _module_preset=\u00bbdefault\u00bb text_font=\u00bbPoppins|600|||||||\u00bb text_text_color=\u00bb#FFFFFF\u00bb header_font=\u00bbMontserrat|500|||||||\u00bb header_text_color=\u00bb#FFFFFF\u00bb header_font_size=\u00bb45px\u00bb header_line_height=\u00bb1.4em\u00bb max_width_tablet=\u00bb100%\u00bb max_width_phone=\u00bb100%\u00bb max_width_last_edited=\u00bbon|phone\u00bb custom_margin=\u00bb||2%||false|false\u00bb custom_margin_tablet=\u00bb||2%||false|false\u00bb custom_margin_phone=\u00bb||2%||false|false\u00bb custom_margin_last_edited=\u00bbon|phone\u00bb custom_padding=\u00bb||1%||false|false\u00bb animation_style=\u00bbslide\u00bb animation_direction=\u00bbright\u00bb animation_duration=\u00bb1200ms\u00bb animation_delay=\u00bb400ms\u00bb animation_intensity_slide=\u00bb5%\u00bb header_font_size_tablet=\u00bb45px\u00bb header_font_size_phone=\u00bb30px\u00bb header_font_size_last_edited=\u00bbon|phone\u00bb border_width_bottom=\u00bb1px\u00bb border_color_bottom=\u00bbrgba(255,255,255,0.5)\u00bb global_colors_info=\u00bb{}\u00bb theme_builder_area=\u00bbpost_content\u00bb]<\/p>\n<div class=\"flex max-w-full flex-col flex-grow\" bis_skin_checked=\"1\">\n<div data-message-author-role=\"assistant\" data-message-id=\"906f6aa6-26e8-4062-882f-6fce964440b5\" dir=\"auto\" class=\"min-h-8 text-message flex w-full flex-col items-end gap-2 whitespace-normal break-words text-start [.text-message+&amp;]:mt-5\" bis_skin_checked=\"1\" data-message-model-slug=\"gpt-4o\">\n<div class=\"flex w-full flex-col gap-1 empty:hidden first:pt-[3px]\" bis_skin_checked=\"1\">\n<div class=\"markdown prose w-full break-words dark:prose-invert dark\" bis_skin_checked=\"1\">\n<h1>Acerca de Nosotros<span style=\"color: #f15a22;\">.<\/span><\/h1>\n<\/div>\n<\/div>\n<\/div>\n<\/div>\n<p>[\/et_pb_text][dipi_breadcrumbs bc_separator_icon=\u00bb&#x26;||divi||400&#8243; bc_separator_color=\u00bb#FFFFFF\u00bb bc_separator_space=\u00bb8px\u00bb bc_item_padding=\u00bb|5px||5px|false|true\u00bb bc_active_item_color=\u00bb#F15A22&#8243; bc_active_item_padding=\u00bb|12px||12px|false|true\u00bb _builder_version=\u00bb4.27.4&#8243; _module_preset=\u00bbdefault\u00bb items_font=\u00bbMontserrat|500|||||||\u00bb items_text_color=\u00bbrgba(255,255,255,0.85)\u00bb hover_text_color=\u00bb#FFFFFF\u00bb active_text_color=\u00bb#FFFFFF\u00bb animation_style=\u00bbslide\u00bb animation_direction=\u00bbtop\u00bb animation_duration=\u00bb1200ms\u00bb animation_delay=\u00bb600ms\u00bb animation_intensity_slide=\u00bb25%\u00bb items_font_size_tablet=\u00bb\u00bb items_font_size_phone=\u00bb13px\u00bb items_font_size_last_edited=\u00bbon|phone\u00bb border_radii_active=\u00bbon|100px|100px|100px|100px\u00bb global_colors_info=\u00bb{}\u00bb theme_builder_area=\u00bbpost_content\u00bb][\/dipi_breadcrumbs][\/et_pb_column][\/et_pb_row][\/et_pb_section][et_pb_section fb_built=\u00bb1&#8243; _builder_version=\u00bb4.27.4&#8243; _module_preset=\u00bbdefault\u00bb background_enable_color=\u00bboff\u00bb background_enable_image=\u00bboff\u00bb parallax=\u00bbon\u00bb parallax_method=\u00bboff\u00bb background_enable_mask_style=\u00bbon\u00bb background_mask_style=\u00bbdiagonal-bars\u00bb background_mask_color=\u00bbrgba(12,12,12,0.02)\u00bb background_mask_transform=\u00bbinvert\u00bb background_mask_size=\u00bbcustom\u00bb background_mask_position=\u00bbbottom_right\u00bb custom_padding=\u00bb||0px||false|false\u00bb locked=\u00bboff\u00bb global_colors_info=\u00bb{}\u00bb theme_builder_area=\u00bbpost_content\u00bb][et_pb_row column_structure=\u00bb3_5,2_5&#8243; use_custom_gutter=\u00bbon\u00bb make_equal=\u00bbon\u00bb _builder_version=\u00bb4.27.4&#8243; _module_preset=\u00bbdefault\u00bb custom_padding=\u00bb0px||0px||true|false\u00bb global_colors_info=\u00bb{}\u00bb theme_builder_area=\u00bbpost_content\u00bb][et_pb_column type=\u00bb3_5&#8243; _builder_version=\u00bb4.27.4&#8243; _module_preset=\u00bbdefault\u00bb custom_css_main_element=\u00bbmargin: auto;\u00bb global_colors_info=\u00bb{}\u00bb theme_builder_area=\u00bbpost_content\u00bb][dsm_text_divider header=\u00bbConoce Warton\u00bb text_alignment=\u00bbright\u00bb color=\u00bb#F15A22&#8243; divider_weight=\u00bb3px\u00bb text_gap=\u00bb5px\u00bb _builder_version=\u00bb4.27.4&#8243; _module_preset=\u00bbdefault\u00bb header_font=\u00bbMontserrat|600||on|||||\u00bb header_text_color=\u00bb#07254A\u00bb header_font_size=\u00bb12px\u00bb header_letter_spacing=\u00bb2px\u00bb header_line_height=\u00bb1.4em\u00bb width=\u00bb30%\u00bb width_tablet=\u00bb36%\u00bb width_phone=\u00bb64%\u00bb width_last_edited=\u00bbon|tablet\u00bb module_alignment=\u00bbleft\u00bb custom_margin=\u00bb||1%||false|false\u00bb custom_margin_tablet=\u00bb||2%||false|false\u00bb custom_margin_phone=\u00bb||3%||false|false\u00bb custom_margin_last_edited=\u00bbon|tablet\u00bb animation_style=\u00bbslide\u00bb animation_direction=\u00bbright\u00bb animation_duration=\u00bb1200ms\u00bb animation_delay=\u00bb200ms\u00bb animation_intensity_slide=\u00bb10%\u00bb animation_speed_curve=\u00bbease\u00bb header_font_size_tablet=\u00bb12px\u00bb header_font_size_phone=\u00bb11px\u00bb header_font_size_last_edited=\u00bbon|phone\u00bb header_letter_spacing_tablet=\u00bb3px\u00bb header_letter_spacing_phone=\u00bb2.5px\u00bb header_letter_spacing_last_edited=\u00bbon|phone\u00bb locked=\u00bboff\u00bb global_colors_info=\u00bb{}\u00bb theme_builder_area=\u00bbpost_content\u00bb][\/dsm_text_divider][et_pb_text _builder_version=\u00bb4.27.4&#8243; _module_preset=\u00bbdefault\u00bb header_font=\u00bbMontserrat|500|||||||\u00bb header_text_align=\u00bbleft\u00bb header_text_color=\u00bb#07254A\u00bb header_font_size=\u00bb38px\u00bb header_line_height=\u00bb1.3em\u00bb custom_margin=\u00bb||1%||false|false\u00bb custom_margin_tablet=\u00bb||1%||false|false\u00bb custom_margin_phone=\u00bb||1%||false|false\u00bb custom_margin_last_edited=\u00bbon|desktop\u00bb animation_style=\u00bbslide\u00bb animation_direction=\u00bbtop\u00bb animation_duration=\u00bb1400ms\u00bb animation_delay=\u00bb400ms\u00bb animation_intensity_slide=\u00bb15%\u00bb animation_speed_curve=\u00bbease\u00bb header_font_size_tablet=\u00bb38px\u00bb header_font_size_phone=\u00bb25px\u00bb header_font_size_last_edited=\u00bbon|phone\u00bb custom_css_main_element=\u00bbdisplay:inline-block\u00bb locked=\u00bboff\u00bb global_colors_info=\u00bb{}\u00bb theme_builder_area=\u00bbpost_content\u00bb]<\/p>\n<h1 data-pm-slice=\"1 1 []\"><span style=\"color: #f15a22;\">\u00bf<\/span>Qui\u00e9nes Somos<span style=\"color: #f15a22;\">?<\/span><\/h1>\n<p>[\/et_pb_text][et_pb_text _builder_version=\u00bb4.27.4&#8243; _module_preset=\u00bbdefault\u00bb text_font=\u00bbMontserrat||||||||\u00bb text_text_color=\u00bb#303030&#8243; text_line_height=\u00bb1.5em\u00bb custom_margin=\u00bb0px||3%||false|false\u00bb custom_margin_tablet=\u00bb0px||3%||false|false\u00bb custom_margin_phone=\u00bb||5%||false|false\u00bb custom_margin_last_edited=\u00bbon|phone\u00bb custom_padding=\u00bb0px||0px||false|false\u00bb animation_style=\u00bbslide\u00bb animation_direction=\u00bbtop\u00bb animation_duration=\u00bb1200ms\u00bb animation_delay=\u00bb600ms\u00bb animation_intensity_slide=\u00bb5%\u00bb animation_speed_curve=\u00bbease\u00bb text_font_size_tablet=\u00bb14px\u00bb text_font_size_phone=\u00bb13px\u00bb text_font_size_last_edited=\u00bbon|phone\u00bb locked=\u00bboff\u00bb global_colors_info=\u00bb{}\u00bb theme_builder_area=\u00bbpost_content\u00bb]<\/p>\n<p data-start=\"134\" data-end=\"475\" class=\"\">Warton es una empresa 100% mexicana con una s\u00f3lida trayectoria en el dise\u00f1o y fabricaci\u00f3n de soluciones log\u00edsticas. Combinamos ingenier\u00eda, tecnolog\u00eda y experiencia para transformar centros de distribuci\u00f3n en espacios seguros, eficientes y preparados para crecer.<\/p>\n<p data-start=\"134\" data-end=\"475\" class=\"\">Contamos con un despacho de ingenier\u00eda propio, plantas de producci\u00f3n para la fabricaci\u00f3n de racks industriales a medida, y un sistema de mantenimiento inteligente respaldado por nuestro software RackVisor.<\/p>\n<p data-start=\"134\" data-end=\"475\" class=\"\">Adem\u00e1s, ofrecemos montacargas y patines hidr\u00e1ulicos, integrando todo lo necesario para una operaci\u00f3n de almac\u00e9n completa, funcional y optimizada.<\/p>\n<p data-start=\"477\" data-end=\"708\" class=\"\">[\/et_pb_text][\/et_pb_column][et_pb_column type=\u00bb2_5&#8243; _builder_version=\u00bb4.27.4&#8243; _module_preset=\u00bbdefault\u00bb custom_css_main_element=\u00bbmargin: auto;\u00bb global_colors_info=\u00bb{}\u00bb theme_builder_area=\u00bbpost_content\u00bb][et_pb_image src=\u00bbhttps:\/\/wartonmills.com\/wp-content\/uploads\/2025\/03\/warton-logo2.png\u00bb align=\u00bbcenter\u00bb _builder_version=\u00bb4.27.4&#8243; _module_preset=\u00bbdefault\u00bb max_width=\u00bb75%\u00bb max_width_tablet=\u00bb40%\u00bb max_width_phone=\u00bb65%\u00bb max_width_last_edited=\u00bbon|desktop\u00bb custom_margin_tablet=\u00bb||4%||false|false\u00bb custom_margin_phone=\u00bb||4%||false|false\u00bb custom_margin_last_edited=\u00bbon|phone\u00bb animation_style=\u00bbzoom\u00bb animation_duration=\u00bb1200ms\u00bb animation_delay=\u00bb800ms\u00bb animation_intensity_zoom=\u00bb3%\u00bb animation_speed_curve=\u00bbease\u00bb global_colors_info=\u00bb{}\u00bb theme_builder_area=\u00bbpost_content\u00bb][\/et_pb_image][\/et_pb_column][\/et_pb_row][et_pb_row column_structure=\u00bb3_5,2_5&#8243; use_custom_gutter=\u00bbon\u00bb gutter_width=\u00bb2&#8243; make_equal=\u00bbon\u00bb _builder_version=\u00bb4.27.4&#8243; _module_preset=\u00bbdefault\u00bb custom_margin=\u00bb||0px||false|false\u00bb custom_padding=\u00bb0px||0px||false|false\u00bb global_colors_info=\u00bb{}\u00bb theme_builder_area=\u00bbpost_content\u00bb][et_pb_column type=\u00bb3_5&#8243; _builder_version=\u00bb4.27.4&#8243; _module_preset=\u00bbdefault\u00bb custom_css_main_element=\u00bbmargin: auto;\u00bb global_colors_info=\u00bb{}\u00bb theme_builder_area=\u00bbpost_content\u00bb][et_pb_text _builder_version=\u00bb4.27.4&#8243; _module_preset=\u00bbdefault\u00bb header_font=\u00bbMontserrat|500|||||||\u00bb header_text_color=\u00bb#07254A\u00bb header_font_size=\u00bb38px\u00bb custom_margin_tablet=\u00bb||4%||false|false\u00bb custom_margin_phone=\u00bb||3%||false|false\u00bb custom_margin_last_edited=\u00bbon|desktop\u00bb animation_style=\u00bbfade\u00bb animation_direction=\u00bbtop\u00bb animation_duration=\u00bb1400ms\u00bb animation_delay=\u00bb200ms\u00bb animation_speed_curve=\u00bbease\u00bb header_font_size_tablet=\u00bb38px\u00bb header_font_size_phone=\u00bb24px\u00bb header_font_size_last_edited=\u00bbon|phone\u00bb border_width_bottom=\u00bb2px\u00bb border_color_bottom=\u00bb#F15A22&#8243; global_colors_info=\u00bb{}\u00bb theme_builder_area=\u00bbpost_content\u00bb]<\/p>\n<h1>Visi\u00f3n &amp; Valores<\/h1>\n<p>[\/et_pb_text][et_pb_text content_tablet=\u00bb<\/p>\n<p>En Warton entendemos que cada empresa tiene necesidades \u00fanicas. Por eso trabajamos bajo una filosof\u00eda de mejora continua, innovaci\u00f3n y cercan\u00eda con el cliente.<\/p>\n<\/p>\n<p style=%22text-align: right;%22><strong>INGENIER\u00cdA <span style=%22color: #ff6600;%22>APLICADA A SU ALMAC\u00c9N<\/span><\/strong><\/p>\n<p>\u00bb content_phone=\u00bb<\/p>\n<p>En Warton entendemos que cada empresa tiene necesidades \u00fanicas. Por eso trabajamos bajo una filosof\u00eda de mejora continua, innovaci\u00f3n y cercan\u00eda con el cliente.<\/p>\n<p style=%22text-align: right;%22><strong>INGENIER\u00cdA <span style=%22color: #ff6600;%22>APLICADA A SU ALMAC\u00c9N<\/span><\/strong><\/p>\n<p>\u00bb content_last_edited=\u00bbon|phone\u00bb _builder_version=\u00bb4.27.4&#8243; _module_preset=\u00bbdefault\u00bb text_font=\u00bbMontserrat||||||||\u00bb text_text_color=\u00bb#303030&#8243; text_font_size=\u00bb15px\u00bb header_font=\u00bbMontserrat|700|||||||\u00bb header_font_size=\u00bb39px\u00bb custom_padding=\u00bb0px||0px||true|false\u00bb custom_padding_tablet=\u00bb||5%||false|false\u00bb custom_padding_phone=\u00bb||5%||false|false\u00bb custom_padding_last_edited=\u00bbon|desktop\u00bb animation_style=\u00bbslide\u00bb animation_direction=\u00bbtop\u00bb animation_duration=\u00bb1200ms\u00bb animation_delay=\u00bb400ms\u00bb animation_intensity_slide=\u00bb5%\u00bb animation_speed_curve=\u00bbease\u00bb text_font_size_tablet=\u00bb15px\u00bb text_font_size_phone=\u00bb13px\u00bb text_font_size_last_edited=\u00bbon|phone\u00bb header_font_size_tablet=\u00bb39px\u00bb header_font_size_phone=\u00bb39px\u00bb header_font_size_last_edited=\u00bbon|desktop\u00bb border_color_bottom=\u00bb#F15A22&#8243; global_colors_info=\u00bb{}\u00bb theme_builder_area=\u00bbpost_content\u00bb]<\/p>\n<p>En Warton entendemos que cada empresa tiene necesidades \u00fanicas. Por eso trabajamos bajo una filosof\u00eda de mejora continua, innovaci\u00f3n y cercan\u00eda con el cliente.<\/p>\n<p>&nbsp;<\/p>\n<p style=\"text-align: right;\"><strong>INGENIER\u00cdA <span style=\"color: #ff6600;\">APLICADA A SU ALMAC\u00c9N<\/span><\/strong><\/p>\n<p>[\/et_pb_text][\/et_pb_column][et_pb_column type=\u00bb2_5&#8243; _builder_version=\u00bb4.27.4&#8243; _module_preset=\u00bbdefault\u00bb background_color=\u00bbrgba(242,242,242,0.25)\u00bb animation_style=\u00bbslide\u00bb animation_direction=\u00bbbottom\u00bb animation_duration=\u00bb1200ms\u00bb animation_delay=\u00bb600ms\u00bb animation_intensity_slide=\u00bb5%\u00bb animation_speed_curve=\u00bbease\u00bb custom_css_main_element=\u00bbmargin: auto;||backdrop-filter: blur(2px);\u00bb border_radii=\u00bboff|20px|20px||\u00bb border_width_all=\u00bb1px\u00bb border_color_all=\u00bbrgba(7,37,74,0.1)\u00bb global_colors_info=\u00bb{}\u00bb theme_builder_area=\u00bbpost_content\u00bb][et_pb_text _builder_version=\u00bb4.27.4&#8243; _module_preset=\u00bbdefault\u00bb text_font=\u00bbMontserrat||||||||\u00bb text_text_color=\u00bb#0C0C0C\u00bb background_color=\u00bbRGBA(255,255,255,0)\u00bb custom_margin=\u00bb15px||15px||true|true\u00bb custom_padding=\u00bb20px|15px|20px|15px|true|true\u00bb text_font_size_tablet=\u00bb14px\u00bb text_font_size_phone=\u00bb12px\u00bb text_font_size_last_edited=\u00bbon|phone\u00bb border_radii=\u00bboff||||\u00bb global_colors_info=\u00bb{}\u00bb theme_builder_area=\u00bbpost_content\u00bb]<\/p>\n<p><strong>Solidez:<\/strong> Fundamento de cada soluci\u00f3n que dise\u00f1amos.<\/p>\n<p><strong>Innovaci\u00f3n:<\/strong> Mejora continua mediante tecnolog\u00eda y dise\u00f1o.<\/p>\n<p><strong>Compromiso:<\/strong> Cumplimiento y responsabilidad en cada proyecto.<\/p>\n<p><strong>Integridad:<\/strong> Transparencia y \u00e9tica profesional.<\/p>\n<p><strong>Cercan\u00eda al cliente:<\/strong> Atenci\u00f3n personalizada y confianza mutua.<\/p>\n<p>[\/et_pb_text][\/et_pb_column][\/et_pb_row][\/et_pb_section][et_pb_section fb_built=\u00bb1&#8243; custom_padding_last_edited=\u00bbon|desktop\u00bb _builder_version=\u00bb4.27.4&#8243; _module_preset=\u00bbdefault\u00bb use_background_color_gradient=\u00bbon\u00bb background_color_gradient_direction=\u00bb90deg\u00bb background_color_gradient_stops=\u00bb#07254a 0%|rgba(14,49,178,0.8) 100%\u00bb background_color_gradient_overlays_image=\u00bbon\u00bb background_image=\u00bbhttps:\/\/wartonmills.com\/wp-content\/uploads\/2025\/04\/image.webp\u00bb custom_margin=\u00bb1%|1%|1%|1%|true|true\u00bb custom_padding=\u00bb1%||1%||true|false\u00bb custom_padding_tablet=\u00bb1%||1%||true|false\u00bb custom_padding_phone=\u00bb1%||1%||true|false\u00bb animation_style=\u00bbslide\u00bb animation_direction=\u00bbbottom\u00bb animation_duration=\u00bb1200ms\u00bb animation_delay=\u00bb800ms\u00bb animation_intensity_slide=\u00bb5%\u00bb animation_speed_curve=\u00bbease\u00bb border_radii=\u00bbon|5px|5px|5px|5px\u00bb global_colors_info=\u00bb{}\u00bb theme_builder_area=\u00bbpost_content\u00bb][et_pb_row column_structure=\u00bb1_2,1_6,1_6,1_6&#8243; use_custom_gutter=\u00bbon\u00bb gutter_width=\u00bb2&#8243; make_equal=\u00bbon\u00bb _builder_version=\u00bb4.27.4&#8243; _module_preset=\u00bbdefault\u00bb width=\u00bb100%\u00bb width_tablet=\u00bb80%\u00bb width_phone=\u00bb80%\u00bb width_last_edited=\u00bbon|phone\u00bb global_colors_info=\u00bb{}\u00bb theme_builder_area=\u00bbpost_content\u00bb][et_pb_column type=\u00bb1_2&#8243; _builder_version=\u00bb4.27.4&#8243; _module_preset=\u00bbdefault\u00bb custom_css_main_element=\u00bbmargin: auto;\u00bb global_colors_info=\u00bb{}\u00bb theme_builder_area=\u00bbpost_content\u00bb][et_pb_text _builder_version=\u00bb4.27.4&#8243; _module_preset=\u00bbdefault\u00bb header_font=\u00bbMontserrat|500|||||||\u00bb header_text_align=\u00bbleft\u00bb header_text_color=\u00bb#07254A\u00bb header_font_size=\u00bb25px\u00bb header_line_height=\u00bb1.3em\u00bb custom_margin=\u00bb||1%||false|false\u00bb custom_margin_tablet=\u00bb||1%||false|false\u00bb custom_margin_phone=\u00bb||1%||false|false\u00bb custom_margin_last_edited=\u00bbon|desktop\u00bb animation_style=\u00bbslide\u00bb animation_direction=\u00bbtop\u00bb animation_duration=\u00bb1400ms\u00bb animation_delay=\u00bb400ms\u00bb animation_intensity_slide=\u00bb15%\u00bb animation_speed_curve=\u00bbease\u00bb header_font_size_tablet=\u00bb25px\u00bb header_font_size_phone=\u00bb20px\u00bb header_font_size_last_edited=\u00bbon|phone\u00bb custom_css_main_element=\u00bbdisplay:inline-block\u00bb locked=\u00bboff\u00bb global_colors_info=\u00bb{}\u00bb theme_builder_area=\u00bbpost_content\u00bb]<\/p>\n<h1 data-pm-slice=\"1 1 []\"><span style=\"color: #f2f2f2;\">Ventajas de elegir el sistema de racks correcto<span style=\"color: #f15a22;\">.<\/span><\/span><\/h1>\n<p>[\/et_pb_text][\/et_pb_column][et_pb_column type=\u00bb1_6&#8243; _builder_version=\u00bb4.27.4&#8243; _module_preset=\u00bbdefault\u00bb global_colors_info=\u00bb{}\u00bb theme_builder_area=\u00bbpost_content\u00bb][et_pb_text _builder_version=\u00bb4.27.4&#8243; _module_preset=\u00bbdefault\u00bb text_font=\u00bbMontserrat||||||||\u00bb text_text_color=\u00bb#FFFFFF\u00bb text_font_size=\u00bb15px\u00bb custom_padding=\u00bb3%||||false|false\u00bb custom_padding_tablet=\u00bb3%||||false|false\u00bb custom_padding_phone=\u00bb2%||||false|false\u00bb custom_padding_last_edited=\u00bbon|tablet\u00bb text_font_size_tablet=\u00bb15px\u00bb text_font_size_phone=\u00bb13px\u00bb text_font_size_last_edited=\u00bbon|phone\u00bb border_width_top=\u00bb1px\u00bb border_color_top=\u00bb#F15A22&#8243; global_colors_info=\u00bb{}\u00bb theme_builder_area=\u00bbpost_content\u00bb]<\/p>\n<p>Aprovechamiento \u00d3ptimo del Espacio.<\/p>\n<p>[\/et_pb_text][\/et_pb_column][et_pb_column type=\u00bb1_6&#8243; _builder_version=\u00bb4.27.4&#8243; _module_preset=\u00bbdefault\u00bb global_colors_info=\u00bb{}\u00bb theme_builder_area=\u00bbpost_content\u00bb][et_pb_text _builder_version=\u00bb4.27.4&#8243; _module_preset=\u00bbdefault\u00bb text_font=\u00bbMontserrat||||||||\u00bb text_text_color=\u00bb#FFFFFF\u00bb text_font_size=\u00bb15px\u00bb custom_padding=\u00bb3%||||false|false\u00bb custom_padding_tablet=\u00bb3%||||false|false\u00bb custom_padding_phone=\u00bb2%||||false|false\u00bb custom_padding_last_edited=\u00bbon|tablet\u00bb text_font_size_tablet=\u00bb15px\u00bb text_font_size_phone=\u00bb13px\u00bb text_font_size_last_edited=\u00bbon|phone\u00bb border_width_top=\u00bb1px\u00bb border_color_top=\u00bb#F15A22&#8243; global_colors_info=\u00bb{}\u00bb theme_builder_area=\u00bbpost_content\u00bb]<\/p>\n<p>Incremento de un 35% en la Productividad.<\/p>\n<p>[\/et_pb_text][\/et_pb_column][et_pb_column type=\u00bb1_6&#8243; _builder_version=\u00bb4.27.4&#8243; _module_preset=\u00bbdefault\u00bb global_colors_info=\u00bb{}\u00bb theme_builder_area=\u00bbpost_content\u00bb][et_pb_text _builder_version=\u00bb4.27.4&#8243; _module_preset=\u00bbdefault\u00bb text_font=\u00bbMontserrat||||||||\u00bb text_text_color=\u00bb#FFFFFF\u00bb text_font_size=\u00bb15px\u00bb custom_padding=\u00bb3%||||false|false\u00bb custom_padding_tablet=\u00bb3%||||false|false\u00bb custom_padding_phone=\u00bb2%||||false|false\u00bb custom_padding_last_edited=\u00bbon|tablet\u00bb text_font_size_tablet=\u00bb15px\u00bb text_font_size_phone=\u00bb13px\u00bb text_font_size_last_edited=\u00bbon|phone\u00bb border_width_top=\u00bb1px\u00bb border_color_top=\u00bb#F15A22&#8243; global_colors_info=\u00bb{}\u00bb theme_builder_area=\u00bbpost_content\u00bb]<\/p>\n<p>Reducci\u00f3n de Costos Operativos.<\/p>\n<p>[\/et_pb_text][\/et_pb_column][\/et_pb_row][\/et_pb_section]<\/p>\n","protected":false},"excerpt":{"rendered":"<p>Acerca de Nosotros. <div class=\"et_pb_module dipi_breadcrumbs dipi_breadcrumbs_0 et_animated\">\n\t\t\t\t\n\t\t\t\t\n\t\t\t\t\n\t\t\t\t\n\t\t\t\t\n\t\t\t\t\n\t\t\t\t<div class=\"et_pb_module_inner\">\n\t\t\t\t\t<div class=\"dipi-breadcrumbs dipi-bc-left\">\n                <ul >\n                    \n                                                        <li  class=\"dipi-breadcrumb-item dipi-breadcrumb-home\">\n\n                                                    <a  href=\"https:\/\/wartonmills.com\">\n                                <span  content=\"Home\">\n                                                                        WARTON                                <\/span>\n                            <\/a>\n\n                                                <meta itemprop=\"position\" content=\"1\"\/>                    <\/li>\n\n                    <li class=\"dipi-breadcrumb-separator\">\n                    <span class=\"et-pb-icon dipi-separator-icon\">&#x26;<\/span>\n                <\/li>                            \n                <\/ul>\n            <\/div>\n\t\t\t\t<\/div>\n\t\t\t<\/div><div class=\"et_pb_module dsm_text_divider dsm_text_divider_0 et_animated\">\n\t\t\t\t\n\t\t\t\t\n\t\t\t\t\n\t\t\t\t\n\t\t\t\t\n\t\t\t\t\n\t\t\t\t<div class=\"et_pb_module_inner\">\n\t\t\t\t\t<div class=\"dsm-text-divider-wrapper dsm-text-divider-align-\u00bbright\u00bb et_pb_bg_layout_light\">\n\t\t\t\t\n\t\t\t\t\n\t\t\t\t<div class=\"dsm-text-divider-before dsm-divider\"><\/div>\n\t\t\t\t<h3 class=\"dsm-text-divider-header et_pb_module_header\"><span>\u00bbConoce<\/span><\/h3>\n\t\t\t\t<div class=\"dsm-text-divider-after dsm-divider\"><\/div>\n\t\t\t<\/div>\n\t\t\t\t<\/div>\n\t\t\t<\/div><\/p>\n","protected":false},"author":1,"featured_media":0,"parent":0,"menu_order":0,"comment_status":"closed","ping_status":"closed","template":"","meta":{"_et_pb_use_builder":"on","_et_pb_old_content":"","_et_gb_content_width":"","_joinchat":[],"footnotes":""},"dipi_cpt_category":[],"class_list":["post-19","page","type-page","status-publish","hentry"],"_links":{"self":[{"href":"https:\/\/wartonmills.com\/index.php\/wp-json\/wp\/v2\/pages\/19","targetHints":{"allow":["GET"]}}],"collection":[{"href":"https:\/\/wartonmills.com\/index.php\/wp-json\/wp\/v2\/pages"}],"about":[{"href":"https:\/\/wartonmills.com\/index.php\/wp-json\/wp\/v2\/types\/page"}],"author":[{"embeddable":true,"href":"https:\/\/wartonmills.com\/index.php\/wp-json\/wp\/v2\/users\/1"}],"replies":[{"embeddable":true,"href":"https:\/\/wartonmills.com\/index.php\/wp-json\/wp\/v2\/comments?post=19"}],"version-history":[{"count":28,"href":"https:\/\/wartonmills.com\/index.php\/wp-json\/wp\/v2\/pages\/19\/revisions"}],"predecessor-version":[{"id":775,"href":"https:\/\/wartonmills.com\/index.php\/wp-json\/wp\/v2\/pages\/19\/revisions\/775"}],"wp:attachment":[{"href":"https:\/\/wartonmills.com\/index.php\/wp-json\/wp\/v2\/media?parent=19"}],"wp:term":[{"taxonomy":"dipi_cpt_category","embeddable":true,"href":"https:\/\/wartonmills.com\/index.php\/wp-json\/wp\/v2\/dipi_cpt_category?post=19"}],"curies":[{"name":"wp","href":"https:\/\/api.w.org\/{rel}","templated":true}]}}